{"id":354,"date":"2019-05-03T19:03:44","date_gmt":"2019-05-03T19:03:44","guid":{"rendered":"http:\/\/justrunning.pl\/?page_id=354"},"modified":"2022-02-13T13:02:58","modified_gmt":"2022-02-13T13:02:58","slug":"moje-starty","status":"publish","type":"page","link":"https:\/\/justrunning.pl\/index.php\/moje-starty\/","title":{"rendered":"Moje starty"},"content":{"rendered":"<p><strong>1000 m<br \/>\n<\/strong><strong style=\"font-size: inherit;\">&#8211; 12.06.2021 &#8211; Warsaw Track Cup 2021 (2. edycja) &#8211; <span style=\"color: #ff0000;\">3:15,04<br \/>\n<\/span><\/strong>&#8211; 25.09.2020 &#8211; 2. Biela\u0144ski Wiecz\u00f3r Lekkoatletyczny &#8211; <span style=\"color: #ff0000;\"><span style=\"color: #000000;\">3:19,45<\/span><\/span><\/p>\n<p><strong>1500 m <\/strong><br \/>\n&#8211; 12.02.2022 &#8211; 31. Halowe Mistrzostwa Polski Masters &#8211; 5:14,10 (hala)<br \/>\n&#8211; 05.09.2019 &#8211; Warsaw Track Cup 2019 (3. edycja) &#8211; 5:16,65<br \/>\n&#8211; 05.06.2019 &#8211; Warsaw Track Cup 2019 (2. edycja) &#8211; 5:18,52<br \/>\n&#8211; 08.05.2019 &#8211; Warsaw Track Cup 2019 (1. edycja) &#8211; 5:20,05<br \/>\n<strong>&#8211; 05.09.2018 &#8211; Warsaw Track Cup 2018 (3. edycja) &#8211; <span style=\"color: #ff0000;\">5:13,30<\/span><\/strong><br \/>\n&#8211; 20.06.2018 &#8211; Warsaw Track Cup 2018 (2. edycja) &#8211; 5:27,90<\/p>\n<p><strong>Mila &#8211; 1609 metr\u00f3w<\/strong><br \/>\n&#8211; 02.05.2021 &#8211; XXI Piaseczy\u0144ska Mila Konstytucyjna (1609m)- <span style=\"color: #000000;\">5:42,85 (stadion LA)<\/span><br \/>\n&#8211; 04.05.2019 &#8211; XIX Piaseczy\u0144ska Mila Konstytucyjna (1609m)- <strong><span style=\"color: #ff0000;\">5:40,26 (ulica)<\/span><\/strong><\/p>\n<p><strong>3000 m<\/strong><br \/>\n&#8211; 13.03.2021 &#8211; 30. Halowe Mistrzostwa Polski Masters &#8211; 11:55,37 (hala)<\/p>\n<p><strong>5000 m<\/strong><br \/>\n&#8211; 29.05.2021 &#8211; 9. Piaseczy\u0144ska Pi\u0105tka &#8211; <strong><span style=\"color: #ff0000;\">20:41,97<\/span><\/strong><br \/>\n&#8211; 31.05.2019 &#8211; II Memoria\u0142 S\u0142awomira Ros\u0142onia &#8211; 20:44,32<\/p>\n<p><strong>5 km<\/strong><br \/>\n&#8211; 20.07.2021 &#8211; CityTrail onTour &#8211; 20:19<br \/>\n&#8211; 25.10.2020 &#8211; VIII Bieg Rembertowa &#8211; RUNbert\u00f3w 2020 &#8211; 20:41<br \/>\n&#8211; 19.01.2020 &#8211; 15. Bieg o Puchar Bielan &#8211; 20:28<br \/>\n&#8211; 20.10.2019 &#8211; VII Bieg Rembertowa &#8211; RUNbert\u00f3w 2019 &#8211; 20:04<br \/>\n&#8211; 13.10.2019 &#8211; 2. Bieg z Rado\u015bci\u0105 &#8211; <strong><span style=\"color: #ff0000;\">19:57<\/span><\/strong><br \/>\n&#8211; 27.07.2019 &#8211; Parkrun August\u00f3w &#8211; 20:57<br \/>\n&#8211; 31.05.2019 &#8211; 2. Memoria\u0142 S\u0142awomira Ros\u0142ona (5000 m) &#8211; 20:44<br \/>\n&#8211; 25.05.2019 &#8211; 7. Piaseczy\u0144ska Pi\u0105tka &#8211; 20:08<br \/>\n&#8211; 18.05.2019 &#8211; XV Ekiden &#8211; Maraton Sztafet &#8211; 21:17 (treningowo)<br \/>\n&#8211; 30.03.2019 &#8211; Parkrun Konstancin-Jeziorna 259 &#8211; 21:38 (treningowo)<br \/>\n&#8211; 24.03.2019 &#8211; Bieg Charytatywny Pami\u0119ci Powsta\u0144ca Warszawskiego Jacka Sniegockiego &#8211; 21:42 (kross)<br \/>\n&#8211; 24.02.2019 &#8211; Wi\u0105zowska 5-tka &#8211; 20:36<br \/>\n&#8211; 13.10.2018 &#8211; VI Bieg RUNbert\u00f3w &#8211; 19:59<br \/>\n<strong>&#8211; 30.09.2018 &#8211; T-Mobile Bieg na Pi\u0105tk\u0119 &#8211; <span style=\"color: #ff0000;\">19:54\u00a0<\/span><\/strong><br \/>\n&#8211; 01.09.2018 &#8211; 4F Praska Pi\u0105tka &#8211; 20:41<\/p>\n<p><strong>10 km<br \/>\n<\/strong><br \/>\n&#8211; 11.11.2019 &#8211; 31. Bieg Niepodleg\u0142o\u015bci &#8211; 42:54 (po chorobie i terapii antybiotykami)<br \/>\n<strong>&#8211; 28.04.2019 &#8211; VI Bieg SGH &#8211; <span style=\"color: #ff0000;\">42:15<\/span><\/strong><br \/>\n&#8211; 14.04.2019 &#8211; Bieg Oshee 2019 &#8211; 42:34<br \/>\n&#8211; 24.04.2018 &#8211; Bieg Oshee 2018 &#8211; 42:42<br \/>\n&#8211; 11.11.2014 &#8211; XXVI Bieg Niepodleg\u0142o\u015bci &#8211; 58.09<br \/>\n&#8211; 05.10.2014 &#8211; Biegnij Warszawo &#8211; 57:48<\/p>\n<p><strong>P\u00f3\u0142maraton<\/strong><br \/>\n&#8211;<\/p>\n<p><strong>Maraton<\/strong><br \/>\n<strong>&#8211; 27.09.2015 &#8211; 37. Maraton Warszawski &#8211; <span style=\"color: #ff0000;\">3:52:52<\/span><\/strong><br \/>\n&#8211; 26.04.2015 &#8211; Orlen WarsawMarathon &#8211; 4:52:30<\/p>\n","protected":false},"excerpt":{"rendered":"<p>1000 m &#8211; 12.06.2021 &#8211; Warsaw Track Cup 2021 (2. edycja) &#8211; 3:15,04 &#8211; 25.09.2020 &#8211; 2. Biela\u0144ski Wiecz\u00f3r Lekkoatletyczny &#8211; 3:19,45 1500 m &#8211;&hellip;<\/p>\n","protected":false},"author":1,"featured_media":0,"parent":0,"menu_order":0,"comment_status":"closed","ping_status":"closed","template":"","meta":[],"_links":{"self":[{"href":"https:\/\/justrunning.pl\/index.php\/wp-json\/wp\/v2\/pages\/354"}],"collection":[{"href":"https:\/\/justrunning.pl\/index.php\/wp-json\/wp\/v2\/pages"}],"about":[{"href":"https:\/\/justrunning.pl\/index.php\/wp-json\/wp\/v2\/types\/page"}],"author":[{"embeddable":true,"href":"https:\/\/justrunning.pl\/index.php\/wp-json\/wp\/v2\/users\/1"}],"replies":[{"embeddable":true,"href":"https:\/\/justrunning.pl\/index.php\/wp-json\/wp\/v2\/comments?post=354"}],"version-history":[{"count":20,"href":"https:\/\/justrunning.pl\/index.php\/wp-json\/wp\/v2\/pages\/354\/revisions"}],"predecessor-version":[{"id":572,"href":"https:\/\/justrunning.pl\/index.php\/wp-json\/wp\/v2\/pages\/354\/revisions\/572"}],"wp:attachment":[{"href":"https:\/\/justrunning.pl\/index.php\/wp-json\/wp\/v2\/media?parent=354"}],"curies":[{"name":"wp","href":"https:\/\/api.w.org\/{rel}","templated":true}]}}