{"id":8,"date":"2018-11-18T23:35:05","date_gmt":"2018-11-18T23:35:05","guid":{"rendered":"http:\/\/justrunning.pl\/?page_id=8"},"modified":"2019-05-05T20:56:44","modified_gmt":"2019-05-05T20:56:44","slug":"o-nas","status":"publish","type":"page","link":"https:\/\/justrunning.pl\/index.php\/o-nas\/","title":{"rendered":"O mnie"},"content":{"rendered":"<p>Cze\u015b\u0107. Jestem Bartek i&#8230; biegam. Oto kilka informacji o mnie:<\/p>\n<p>Imi\u0119 &#8211; Bartek<br \/>\nNazwisko &#8211; R&#8230;<br \/>\nRocznik &#8211; 1980.<br \/>\nZnak zodiaku &#8211; Panna<br \/>\nRodzina &#8211; s\u0105 \ud83d\ude42<br \/>\nZaw\u00f3d &#8211; programista \/ bezpiecznik \ud83d\ude42<\/p>\n<p>Ulubiony kolor &#8211; fajny \ud83d\ude09<br \/>\nUlubiony sport &#8211; &#8230;. po prostu sport \ud83d\ude09<\/p>\n<p>Biegam od&#8230; &#8211; 2014.<br \/>\nBiegam bo, &#8211; &#8230;mog\u0119, chc\u0119, lubi\u0119, dla zdrowia.<br \/>\nUlubiony dystans &#8211; hmm, to zale\u017cy. Do 2018 roku to by\u0142 p\u00f3\u0142maraton, ale teraz to chyba p\u00f3\u0142torak (1500 m na bie\u017cni).<br \/>\nUlubiony trening &#8211; interwa\u0142y 5 x 1 km (na bie\u017cni).<br \/>\nNajmniej lubiany trening &#8211; ci\u0105g\u0142y<\/p>\n<p>A gdyby kto\u015b chcia\u0142 poczyta\u0107 o tym jak to wszystko si\u0119 zacz\u0119\u0142o, zapraszam <a href=\"https:\/\/justrunning.pl\/index.php\/2016\/07\/11\/jak-to-sie-wszystko-zaczelo\/\">tutaj<\/a> i <a href=\"https:\/\/justrunning.pl\/index.php\/2016\/07\/12\/jak-to-sie-wszystko-zaczelo-cz-2\/\">tutaj<\/a>.<\/p>\n","protected":false},"excerpt":{"rendered":"<p>Cze\u015b\u0107. Jestem Bartek i&#8230; biegam. Oto kilka informacji o mnie: Imi\u0119 &#8211; Bartek Nazwisko &#8211; R&#8230; Rocznik &#8211; 1980. Znak zodiaku &#8211; Panna Rodzina &#8211;&hellip;<\/p>\n","protected":false},"author":1,"featured_media":5,"parent":0,"menu_order":0,"comment_status":"closed","ping_status":"closed","template":"","meta":[],"_links":{"self":[{"href":"https:\/\/justrunning.pl\/index.php\/wp-json\/wp\/v2\/pages\/8"}],"collection":[{"href":"https:\/\/justrunning.pl\/index.php\/wp-json\/wp\/v2\/pages"}],"about":[{"href":"https:\/\/justrunning.pl\/index.php\/wp-json\/wp\/v2\/types\/page"}],"author":[{"embeddable":true,"href":"https:\/\/justrunning.pl\/index.php\/wp-json\/wp\/v2\/users\/1"}],"replies":[{"embeddable":true,"href":"https:\/\/justrunning.pl\/index.php\/wp-json\/wp\/v2\/comments?post=8"}],"version-history":[{"count":9,"href":"https:\/\/justrunning.pl\/index.php\/wp-json\/wp\/v2\/pages\/8\/revisions"}],"predecessor-version":[{"id":390,"href":"https:\/\/justrunning.pl\/index.php\/wp-json\/wp\/v2\/pages\/8\/revisions\/390"}],"wp:featuredmedia":[{"embeddable":true,"href":"https:\/\/justrunning.pl\/index.php\/wp-json\/wp\/v2\/media\/5"}],"wp:attachment":[{"href":"https:\/\/justrunning.pl\/index.php\/wp-json\/wp\/v2\/media?parent=8"}],"curies":[{"name":"wp","href":"https:\/\/api.w.org\/{rel}","templated":true}]}}